{"id":283,"date":"2025-10-25T13:40:35","date_gmt":"2025-10-25T10:40:35","guid":{"rendered":"https:\/\/floworacreativelab.com\/?page_id=283"},"modified":"2026-03-14T20:01:20","modified_gmt":"2026-03-14T17:01:20","slug":"book-a-call","status":"publish","type":"page","link":"https:\/\/floworacreativelab.com\/tr\/book-a-call\/","title":{"rendered":"Booking"},"content":{"rendered":"<div data-elementor-type=\"wp-page\" data-elementor-id=\"283\" class=\"elementor elementor-283\" data-elementor-post-type=\"page\">\n\t\t\t\t<div class=\"elementor-element elementor-element-0c18b26 e-con-full e-flex e-con e-parent\" data-id=\"0c18b26\" data-element_type=\"container\" data-e-type=\"container\" data-settings=\"{&quot;background_background&quot;:&quot;gradient&quot;,&quot;shape_divider_bottom&quot;:&quot;book&quot;}\">\n\t\t\t\t<div class=\"elementor-shape elementor-shape-bottom\" aria-hidden=\"true\" data-negative=\"false\">\n\t\t\t<svg xmlns=\"http:\/\/www.w3.org\/2000\/svg\" viewbox=\"0 0 1000 100\" preserveaspectratio=\"none\">\n\t<path class=\"elementor-shape-fill\" d=\"M194,99c186.7,0.7,305-78.3,306-97.2c1,18.9,119.3,97.9,306,97.2c114.3-0.3,194,0.3,194,0.3s0-91.7,0-100c0,0,0,0,0-0 L0,0v99.3C0,99.3,79.7,98.7,194,99z\"\/>\n<\/svg>\t\t<\/div>\n\t\t\t\t<div class=\"elementor-element elementor-element-afa1328 elementor-widget elementor-widget-heading\" data-id=\"afa1328\" data-element_type=\"widget\" data-e-type=\"widget\" data-widget_type=\"heading.default\">\n\t\t\t\t\t<h1 class=\"elementor-heading-title elementor-size-default\">Book a Discovery Call<\/h1>\t\t\t\t<\/div>\n\t\t\t\t<div class=\"elementor-element elementor-element-f33fc4a breadd elementor-widget elementor-widget-shortcode\" data-id=\"f33fc4a\" data-element_type=\"widget\" data-e-type=\"widget\" data-widget_type=\"shortcode.default\">\n\t\t\t\t\t\t\t<div class=\"elementor-shortcode\"><nav aria-label=\"breadcrumbs\" class=\"rank-math-breadcrumb\"><p><span class=\"last\">Home<\/span><\/p><\/nav><\/div>\n\t\t\t\t\t\t<\/div>\n\t\t\t\t<div class=\"elementor-element elementor-element-f3c1735 elementor-widget__width-initial elementor-widget elementor-widget-text-editor\" data-id=\"f3c1735\" data-element_type=\"widget\" data-e-type=\"widget\" data-widget_type=\"text-editor.default\">\n\t\t\t\t\t\t\t\t\t<p data-start=\"460\" data-end=\"692\">At <strong data-start=\"463\" data-end=\"487\">Flowora Creative Lab<\/strong>, we believe that every great project begins with a meaningful conversation.<br data-start=\"563\" data-end=\"566\">\nThis discovery call is an opportunity for us to understand your brand, your goals, and the challenges you\u2019re looking to solve.<\/p><p data-start=\"694\" data-end=\"836\">During this short meeting, we\u2019ll talk about your ideas, explore possible creative directions, and identify the best approach for your project.<\/p><p>\n\n<\/p><p data-start=\"838\" data-end=\"1058\">Whether you are looking for <strong data-start=\"866\" data-end=\"970\">brand identity design, UI\/UX design, website design, packaging design, or FDA-compliant label design<\/strong>, this call helps us determine how we can work together to create something exceptional.<\/p>\t\t\t\t\t\t\t\t<\/div>\n\t\t\t\t<\/div>\n\t\t<div class=\"elementor-element elementor-element-394795f e-flex e-con-boxed e-con e-parent\" data-id=\"394795f\" data-element_type=\"container\" data-e-type=\"container\">\n\t\t\t\t\t<div class=\"e-con-inner\">\n\t\t\t\t<div class=\"elementor-element elementor-element-8e80d30 elementor-widget elementor-widget-image\" data-id=\"8e80d30\" data-element_type=\"widget\" data-e-type=\"widget\" data-widget_type=\"image.default\">\n\t\t\t\t\t\t\t\t\t\t\t\t\t\t\t<img decoding=\"async\" src=\"https:\/\/floworacreativelab.com\/wp-content\/uploads\/elementor\/thumbs\/home-ikon-rjsrunhzrhwik2myc5byxmgaioj5kjrprgdh9y4yyo.webp\" title=\"Flowora\" alt=\"Flowora Creative Lab creative studio branding, digital design, and FDA label design\" loading=\"lazy\" \/>\t\t\t\t\t\t\t\t\t\t\t\t\t\t\t<\/div>\n\t\t\t\t\t<\/div>\n\t\t\t\t<\/div>\n\t\t<div class=\"elementor-element elementor-element-02c8f70 e-flex e-con-boxed e-con e-parent\" data-id=\"02c8f70\" data-element_type=\"container\" data-e-type=\"container\">\n\t\t\t\t\t<div class=\"e-con-inner\">\n\t\t\t\t\t<\/div>\n\t\t\t\t<\/div>\n\t\t<div class=\"elementor-element elementor-element-c098be6 e-flex e-con-boxed e-con e-parent\" data-id=\"c098be6\" data-element_type=\"container\" data-e-type=\"container\">\n\t\t\t\t\t<div class=\"e-con-inner\">\n\t\t\t\t<div class=\"elementor-element elementor-element-5e141cb elementor-widget elementor-widget-shortcode\" data-id=\"5e141cb\" data-element_type=\"widget\" data-e-type=\"widget\" data-widget_type=\"shortcode.default\">\n\t\t\t\t\t\t\t<div class=\"elementor-shortcode\"><div class=\"fcal_cal_wrap fcal-light-mode\">\n    <div class=\"fluent_booking_app\" data-calendar_id=\"1\"\n         data-event_id=\"2\"><\/div>\n    <\/div>\n\n<style>\n    .fcal_phone_wrapper .flag {\n        background: url(https:\/\/floworacreativelab.com\/wp-content\/plugins\/fluent-booking\/assets\/images\/flags_responsive.png) no-repeat;\n        background-size: 100%;\n    }\n<\/style>\n<\/div>\n\t\t\t\t\t\t<\/div>\n\t\t\t\t\t<\/div>\n\t\t\t\t<\/div>\n\t\t\t\t<\/div>","protected":false},"excerpt":{"rendered":"<p>Booking Yinelenen bir sayfa i\u00e7eri\u011finin okuyucunun dikkatini da\u011f\u0131tt\u0131\u011f\u0131 bilinen bir ger\u00e7ektir. Lorem Ipsum kullanman\u0131n amac\u0131, s\u00fcrekli &#8216;buraya metin gelecek, buraya metin gelecek&#8217; yazmaya k\u0131yasla daha dengeli bir harf da\u011f\u0131l\u0131m\u0131 sa\u011flayarak okunurlu\u011fu art\u0131rmas\u0131d\u0131r. \u015eu anda bir\u00e7ok masa\u00fcst\u00fc yay\u0131nc\u0131l\u0131k paketi ve web sayfa d\u00fczenleyicisi, varsay\u0131lan m\u0131g\u0131r metinler olarak Lorem Ipsum kullanmaktad\u0131r. Ayr\u0131ca arama motorlar\u0131nda &#8216;lorem ipsum&#8217; anahtar [&hellip;]<\/p>\n","protected":false},"author":1,"featured_media":0,"parent":0,"menu_order":0,"comment_status":"closed","ping_status":"closed","template":"","meta":{"_acf_changed":false,"footnotes":""},"class_list":["post-283","page","type-page","status-publish","hentry"],"acf":[],"_links":{"self":[{"href":"https:\/\/floworacreativelab.com\/tr\/wp-json\/wp\/v2\/pages\/283","targetHints":{"allow":["GET"]}}],"collection":[{"href":"https:\/\/floworacreativelab.com\/tr\/wp-json\/wp\/v2\/pages"}],"about":[{"href":"https:\/\/floworacreativelab.com\/tr\/wp-json\/wp\/v2\/types\/page"}],"author":[{"embeddable":true,"href":"https:\/\/floworacreativelab.com\/tr\/wp-json\/wp\/v2\/users\/1"}],"replies":[{"embeddable":true,"href":"https:\/\/floworacreativelab.com\/tr\/wp-json\/wp\/v2\/comments?post=283"}],"version-history":[{"count":5,"href":"https:\/\/floworacreativelab.com\/tr\/wp-json\/wp\/v2\/pages\/283\/revisions"}],"predecessor-version":[{"id":3462,"href":"https:\/\/floworacreativelab.com\/tr\/wp-json\/wp\/v2\/pages\/283\/revisions\/3462"}],"wp:attachment":[{"href":"https:\/\/floworacreativelab.com\/tr\/wp-json\/wp\/v2\/media?parent=283"}],"curies":[{"name":"wp","href":"https:\/\/api.w.org\/{rel}","templated":true}]}}